{"id":4,"date":"2026-03-31T20:07:25","date_gmt":"2026-03-31T18:07:25","guid":{"rendered":"https:\/\/chicureo.org\/chicu\/claves\/?page_id=4"},"modified":"2026-03-31T20:07:25","modified_gmt":"2026-03-31T18:07:25","slug":"claves-radiales-de-bomberos-de-colina-lampa","status":"publish","type":"page","link":"https:\/\/chicu.cl\/claves\/","title":{"rendered":"Claves Radiales de Bomberos de Colina-Lampa"},"content":{"rendered":"<div id=\"post-36\" class=\"post post-36 page type-page status-publish hentry odd\">\n<div class=\"post-bodycopy clearfix\">\n<h6><strong>CLAVES DE USO EXCLUSIVO DE LA\u00a0CENTRAL DE ALARMAS<\/strong><\/h6>\n<p>0-0 Silenciar transmisiones [para poner fin al silencio: \u201cFin clave 0-0?]<br \/>\n0-1 De 0, ampl\u00ede el Preinforme.<br \/>\n0-2 Se consulta y se informa.<br \/>\n0-3 Repita el cambio.<br \/>\n0-4 Se trata de \u2026\u2026\u2026\u2026..<br \/>\n0-5 Indique cu\u00e1l es su ubicaci\u00f3n.<br \/>\n0-6 Dirijase al lugar sin alarmas.<br \/>\n0-7 Llegar al lugar sin alarmas.<br \/>\n0-8 Fuera de servicio.<br \/>\n0-9 En servicio.<br \/>\n0-10 Regrese a su Cuartel.<br \/>\n0-11 Guardia en Cuartel \u2026\u2026\u2026\u2026..<\/p>\n<h6><strong>CLAVES DE M\u00d3VILES Y PORT\u00c1TILES<\/strong><\/h6>\n<p>Se solicita al lugar\u2026<\/p>\n<p>1-0 Carabineros.<br \/>\n1-1 Apoyo a\u00e9reo.<br \/>\n1-2 Ambulancia \u2026\u2026\u2026\u2026.<br \/>\n1-3 Oficina de Emergencia\u2026\u2026\u2026\u2026\u2026.<br \/>\n1-4 Empresa que se indica \u2026\u2026\u2026\u2026\u2026<br \/>\n1-5 CONAF.<br \/>\n1-6 Comandante de Guardia.<br \/>\n1-7 Capit\u00e1n de Guardia.<br \/>\n1-8 Departamento de Estudios T\u00e9cnicos.<br \/>\n1-9 Grupo de Rescate.<br \/>\n1-10 Grupo Qu\u00edmico.<br \/>\n1-11 Apoyo bomberil que se indica:<br \/>\n1-12 Apoyo externo \u2026\u2026\u2026\u2026\u2026\u2026\u2026\u2026.<\/p>\n<p>Despache al lugar\u2026<br \/>\n2-0 Carro Bomba.<br \/>\n2-1 Carro Portaescalas.<br \/>\n2-2 Carro de Rescate.<br \/>\n2-3 Ambulancia del Cuerpo.<br \/>\n2-4 Carro Cisterna.<br \/>\n2-5 Carro de Hazmat<br \/>\n2-6 Carro \u2026\u2026\u2026\u2026\u2026\u2026..<br \/>\n2-7 Mec\u00e1nica.<br \/>\n2-8 Carro de Transporte.<br \/>\n2-9 Carro Snorkel.<br \/>\n2-10 Motobomba.<br \/>\n2-11 Grupo electr\u00f3geno.<br \/>\n2-12 Equipo compresor.<br \/>\n2-13 Carro de Especialidades<\/p>\n<h6><strong>CLAVES DE USO EXCLUSIVO DE LA\u00a0CENTRAL DE ALARMAS<\/strong><\/h6>\n<p>Comun\u00edquese telef\u00f3nicamente\u2026<br \/>\n3-0 A la Central de Alarmas.<br \/>\n3-1 Al Cuartel General.<br \/>\n3-2 A su Cuartel.<br \/>\n3-3 A su domicilio.<br \/>\n3-4 A su oficina.<br \/>\n3-5 Al tel\u00e9fono que se indica:<br \/>\n3-6 Desocupar Tel\u00e9fono x Cuartel.<\/p>\n<p>33 Comunicarse urgente.<\/p>\n<p>Sintonizar\u2026<br \/>\n5-0 Frecuencia Nacional.<br \/>\n5-1 Frecuencia 1.<br \/>\n5-2 Frecuencia 2.<br \/>\n5-3 Frecuencia 3.<br \/>\n5-4 Frecuencia 4.<br \/>\n5-5 Frecuencia 5.<br \/>\n5-6 Frecuencia 6.<br \/>\n5-7 Frecuencia interna de su Compa\u00f1\u00eda.<br \/>\n5-8 Escucha \u00fanicamente con receptor.<\/p>\n<p>6-0 Dar conforme, persona a cargo y n\u00famero de voluntarios.<br \/>\n6-1 Material sin personal.<br \/>\n6-2 Direcci\u00f3n exacta.<br \/>\n6-3 Material mayor en el lugar.<br \/>\n6-4 Solicita instrucciones.<br \/>\n6-5 Indique ubicaci\u00f3n de grifos.<br \/>\n6-6 M\u00e1s personal al lugar.<br \/>\n6-7 Situaci\u00f3n controlada.<br \/>\n6-8 Material mayor disponible.<br \/>\n6-9 Material mayor se retira.<br \/>\n6-10 Material mayor en su cuartel.<br \/>\n6-11 Material mayor en panne.<br \/>\n6-12 Material mayor sufri\u00f3 colisi\u00f3n.<br \/>\n6-13 Material mayor se dirige a:<br \/>\n\u2013 El\u00e9ctrico.<br \/>\n\u2013 Mec\u00e1nico.<br \/>\n\u2013 Tr\u00e1mite de la Compa\u00f1\u00eda.<br \/>\n6-14 Material mayor se dirige a servicentro.<br \/>\n6-15 Material mayor se dirige a centro asistencial.<br \/>\n6-16 Falsa alarma.<br \/>\n6-17 Cargar agua.<\/p>\n<p>7-0 Se establece puesto de mando e indica oficial a cargo.<br \/>\n7-1 Indicar horas de llamado, alarma y material concurrente.<br \/>\n7-2 Indique ubicaci\u00f3n, labor que realiza y si se encuentra armado a grifo.<br \/>\n7-3 Cad\u00e1ver en el lugar.<br \/>\n7-4 Artefacto explosivo o incendiario.<br \/>\n7-5 Se sufre agresi\u00f3n.<br \/>\n7-6 Apoyo log\u00edstico.<br \/>\n7-7 Informar a la prensa.<\/p>\n<p>8-0 Comandante disponible.<br \/>\n8-1 Comandante no disponible.<br \/>\n8-2 Env\u00ede K a cuartel X.<br \/>\n8-3 Env\u00ede K a domicilio.<br \/>\n8-4 Env\u00ede K a oficina.<br \/>\n8-5 Env\u00ede K a \u2026\u2026\u2026\u2026..<br \/>\n8-6 Me dirijo al lugar en \u2026\u2026\u2026\u2026<br \/>\n8-7 Concurrir todos los comandantes.<\/p>\n<p>9-0 Guardia preventiva grado:<br \/>\n1 Guardia preventiva de X Voluntarios por Compa\u00f1\u00eda.<br \/>\n2 Acuartelamiento de guardia nocturna desde las \u2026\u2026 hrs.<br \/>\n3 Acuartelamiento general inmediato.<\/p>\n<p>10-0 Llamado estructural. Se definir\u00e1 como llamado estructural, a aquellas emergencias en las que haya fuego en el inmueble y\/o emanaci\u00f3n de humo cuyo origen est\u00e9 establecido en el interior de aquel. Se sub clasificar\u00e1 de acuerdo a lo siguiente:<br \/>\n10-0-1: casa \/ local<br \/>\n10-0-2: edificio<br \/>\n10-0-3: fabrica \/ local publico<br \/>\n10-0-4: poblacion \/ alto riesgo<br \/>\n10-0-5: deposito hazmat o gas \/ explosion<br \/>\n10-0-6: subterraneo<br \/>\n10-1 Llamado de veh\u00edculo.<br \/>\n10-2 Llamado de pastizales y\/o basura.<br \/>\n10-2-1: pasto \/ basura \/ escombros<br \/>\n10-2-2: despacho forestal<br \/>\n10-3 Llamado de rescate de personas atrapadas (ascensores, lecho de r\u00edo, pozo, etc.).<br \/>\n10-3-1: despacho basico<br \/>\n10-3-2: despacho basico reforzado<br \/>\n10-3-3: aguas abiertas<br \/>\n10-3-4: ascensor<br \/>\n10-3-5: salvamento en altura<br \/>\n10-3-6: espacio confinado \/ zanja \/ pozo<br \/>\n10-3-7: estructuras colapsadas \/ catastrofe<br \/>\n10-3-8: intento de suicidio<br \/>\n10-3-9: Animales ca\u00eddos en laderas de cerros, en el caudal de un r\u00edo, canal, zanja, pozo, copas de \u00e1rboles, entremuros o todo lugar inaccesible para la comunidad y que requiera presencia de bomberos.<br \/>\n10-3-10: Bombero o familiares directos de bombero con problemas de salud.<br \/>\n10-4 Llamado de Rescate Vehicular.Se definir\u00e1 como Rescate Vehicular, a aquellos llamados en auxilio de personas atrapadas, encerradas y\/o lesionadas, que se encuentren en el interior de los veh\u00edculos motorizados, producto de un accidente de tr\u00e1nsito, se sub-clasificar\u00e1 de acuerdo a lo siguiente<br \/>\n10-4-1: despacho b\u00e1sico<br \/>\n10-4-2: transporte p\u00fablico \/ 5 \u00f3 mas lesionados<br \/>\n10-4-3: carga hazmat \/ vehiculo a gas<br \/>\n10-4-4: rescate vehicular pesado<br \/>\n10-4-5: autopista urbana<br \/>\n10-5 Llamado de Materiales Peligrosos.<br \/>\n10-5-1: via publica \/ casa habitacion<br \/>\n10-5-2: estructural<br \/>\n10-5-3: estanque estacionario<br \/>\n10-6 Llamado de emanaci\u00f3n de gases.<br \/>\n10-6-1: casa \/ local comercial<br \/>\n10-6-2: edificio<br \/>\n10-6-3: fabrica \/ local publico<br \/>\n10-6-4: via p\u00fablica<br \/>\n10-6-5: intoxicados \/ presunta victima \/ suicidios con gas<br \/>\n10-6-6: subterraneo<br \/>\n10-7 Llamado el\u00e9ctrico.<br \/>\n10-7-1: via p\u00fablica<br \/>\n10-7-2: estructural<br \/>\n10-8 Llamado no clasificado.<br \/>\n10-8-1: camara subterranea<br \/>\n10-8-2: activacion de alarma<br \/>\n10-8-3: caseta \/ letrero<br \/>\n10-8-4: no clasificado<br \/>\n10-9 Llamado a otros servicios.<br \/>\n10-10 Llamado a escombros.<br \/>\n10-11 Llamado a servicio a\u00e9reo.<br \/>\n10-12 Llamado a apoyar a otros Cuerpos.<br \/>\n10-13 Llamado a artefacto explosivo, sobre sospechoso, acto terrorista.<br \/>\n10-14 Llamado a accidente de aviaci\u00f3n.<br \/>\n10-15 Llamado a simulacro.<br \/>\n10-16 Tuneles<br \/>\n10-16-1: fuego \/ humo<br \/>\n10-16-2: gas \/ material peligroso<br \/>\n10-16-3: rescate vehicular<br \/>\n10-17 Metro<br \/>\n10-17-1: fuego \/ humo<br \/>\n10-17-2: gas \/ material peligroso<br \/>\n10-17-3: salvamento basico<br \/>\n10-17-4: ascensor en metro<br \/>\n10-17-5: salvamento de gran magnitud en metro<\/p>\n<h6><strong>EXCLUSIVO DEL DEPARTAMENTO DE\u00a0RADIOCOMUNICACIONES<\/strong><\/h6>\n<p>11-0 Indique c\u00f3mo recibe.<br \/>\n11-1 Fuerte y claro.<br \/>\n11-2 Se recibe con interferencias.<br \/>\n11-3 Central operando solo por frecuencia principal.<br \/>\n11-4 Indique operadores en servicio.<br \/>\n11-5 Central de alarmas y comunicaciones inicia transmisi\u00f3n de prueba con (carro,<br \/>\nreceptor, cuartel, port\u00e1til).<br \/>\n11-6 Central de alarmas y comunicaciones con transmisi\u00f3n abierta accidentalmente.<\/p>\n<h6><strong>OTRAS CLAVES<\/strong><\/h6>\n<p>12-0 Dir\u00edjase al lugar sin alarma.<br \/>\n12-1 Asigna cuarteles de reemplazo.<br \/>\n12-2 Retira cuarteles de reemplazo.<br \/>\n12-3 Dir\u00edjase con m\u00e1xima precauci\u00f3n.<br \/>\n12-4 Toque sirena de cuartel.<br \/>\n12-5 Active inversor de voz.<br \/>\n12-6 Material mayor suficiente en el lugar.<br \/>\n12-7 No armar.<br \/>\n12-8 Capit\u00e1n \u2026\u2026\u2026.. asume mando del Cuerpo.<br \/>\n12-9 Citaci\u00f3n a \u2026\u2026\u2026\u2026\u2026.Compa\u00f1\u00eda.<br \/>\n12-10 Solicita conductor para \u2026\u2026\u2026\u2026\u2026\u2026\u2026..<br \/>\n\u2014\u2014\u2014\u2014\u2014\u2014\u2014\u2014\u2014\u2014\u2014\u2014\u2014\u2014\u2014\u2014\u2014\u2014\u2014\u2014\u2014\u2014\u2014\u2014\u2014\u2014\u2013<\/p>\n<\/div>\n<\/div>\n","protected":false},"excerpt":{"rendered":"<p>CLAVES DE USO EXCLUSIVO DE LA\u00a0CENTRAL DE ALARMAS 0-0 Silenciar transmisiones [para poner fin al silencio: \u201cFin clave 0-0?] 0-1 De 0, ampl\u00ede el Preinforme. 0-2 Se consulta y se &hellip; <\/p>\n","protected":false},"author":1,"featured_media":0,"parent":0,"menu_order":0,"comment_status":"closed","ping_status":"closed","template":"","meta":{"_acf_changed":false,"_crdt_document":"","footnotes":""},"class_list":["post-4","page","type-page","status-publish","hentry"],"acf":[],"_links":{"self":[{"href":"https:\/\/chicu.cl\/claves\/wp-json\/wp\/v2\/pages\/4","targetHints":{"allow":["GET"]}}],"collection":[{"href":"https:\/\/chicu.cl\/claves\/wp-json\/wp\/v2\/pages"}],"about":[{"href":"https:\/\/chicu.cl\/claves\/wp-json\/wp\/v2\/types\/page"}],"author":[{"embeddable":true,"href":"https:\/\/chicu.cl\/claves\/wp-json\/wp\/v2\/users\/1"}],"replies":[{"embeddable":true,"href":"https:\/\/chicu.cl\/claves\/wp-json\/wp\/v2\/comments?post=4"}],"version-history":[{"count":1,"href":"https:\/\/chicu.cl\/claves\/wp-json\/wp\/v2\/pages\/4\/revisions"}],"predecessor-version":[{"id":5,"href":"https:\/\/chicu.cl\/claves\/wp-json\/wp\/v2\/pages\/4\/revisions\/5"}],"wp:attachment":[{"href":"https:\/\/chicu.cl\/claves\/wp-json\/wp\/v2\/media?parent=4"}],"curies":[{"name":"wp","href":"https:\/\/api.w.org\/{rel}","templated":true}]}}